{"id":1204,"date":"2023-04-02T10:16:13","date_gmt":"2023-04-02T10:16:13","guid":{"rendered":"https:\/\/wpolive.com\/nozze\/?page_id=1204"},"modified":"2026-02-18T10:12:21","modified_gmt":"2026-02-18T09:12:21","slug":"rsvp","status":"publish","type":"page","link":"https:\/\/azs.welweb.pl\/?page_id=1204","title":{"rendered":"rsvp"},"content":{"rendered":"\t\t<div data-elementor-type=\"wp-page\" data-elementor-id=\"1204\" class=\"elementor elementor-1204\">\n\t\t\t\t\t\t<section class=\"elementor-section elementor-top-section elementor-element elementor-element-abf1959 elementor-section-full_width elementor-section-height-default elementor-section-height-default\" data-id=\"abf1959\" data-element_type=\"section\" data-e-type=\"section\">\n\t\t\t\t\t\t<div class=\"elementor-container elementor-column-gap-no\">\n\t\t\t\t\t<div class=\"elementor-column elementor-col-100 elementor-top-column elementor-element elementor-element-d0e0c21\" data-id=\"d0e0c21\" data-element_type=\"column\" data-e-type=\"column\">\n\t\t\t<div class=\"elementor-widget-wrap elementor-element-populated\">\n\t\t\t\t\t\t<div class=\"elementor-element elementor-element-4000c67 elementor-widget elementor-widget-wpo-nozze_contact_form\" data-id=\"4000c67\" data-element_type=\"widget\" data-e-type=\"widget\" data-settings=\"{&quot;left_shape&quot;:{&quot;url&quot;:&quot;https:\\\/\\\/wpolive.com\\\/nozze\\\/wp-content\\\/uploads\\\/2023\\\/03\\\/rsvp-left-shape.png&quot;,&quot;id&quot;:155,&quot;size&quot;:&quot;&quot;,&quot;alt&quot;:&quot;&quot;,&quot;source&quot;:&quot;library&quot;},&quot;right_shape&quot;:{&quot;url&quot;:&quot;https:\\\/\\\/wpolive.com\\\/nozze\\\/wp-content\\\/uploads\\\/2023\\\/03\\\/right-shape.png&quot;,&quot;id&quot;:156,&quot;size&quot;:&quot;&quot;,&quot;alt&quot;:&quot;&quot;,&quot;source&quot;:&quot;library&quot;}}\" data-widget_type=\"wpo-nozze_contact_form.default\">\n\t\t\t\t<div class=\"elementor-widget-container\">\n\t\t\t\t\t\t\t<div class=\"wpo-contact-section\">\n\t\t\t<div class=\"container\">\n\t\t\t\t<div class=\"wpo-contact-section-wrapper\">\n\t\t\t\t\t<div class=\"wpo-contact-form-area\">\n\t\t\t\t\t\t<div class=\"wpo-section-title\">\n\t\t\t\t\t\t\t<h2>Are you attending?<\/h2>\t\t\t\t\t\t<\/div>\n\t\t\t\t\t\t<div class=\"rsvp-form\">\n\t\t\t\t\t\t\t\n<div class=\"wpcf7 no-js\" id=\"wpcf7-f153-o1\" lang=\"en-US\" dir=\"ltr\" data-wpcf7-id=\"153\">\n<div class=\"screen-reader-response\"><p role=\"status\" aria-live=\"polite\" aria-atomic=\"true\"><\/p> <ul><\/ul><\/div>\n<form action=\"\/index.php?rest_route=%2Fwp%2Fv2%2Fpages%2F1204#wpcf7-f153-o1\" method=\"post\" class=\"wpcf7-form init\" aria-label=\"Contact form\" novalidate=\"novalidate\" data-status=\"init\">\n<fieldset class=\"hidden-fields-container\"><input type=\"hidden\" name=\"_wpcf7\" value=\"153\" \/><input type=\"hidden\" name=\"_wpcf7_version\" value=\"6.1.5\" \/><input type=\"hidden\" name=\"_wpcf7_locale\" value=\"en_US\" \/><input type=\"hidden\" name=\"_wpcf7_unit_tag\" value=\"wpcf7-f153-o1\" \/><input type=\"hidden\" name=\"_wpcf7_container_post\" value=\"0\" \/><input type=\"hidden\" name=\"_wpcf7_posted_data_hash\" value=\"\" \/>\n<\/fieldset>\n<div>\n\t<p><span class=\"wpcf7-form-control-wrap\" data-name=\"text-348\"><input size=\"40\" maxlength=\"400\" class=\"wpcf7-form-control wpcf7-text wpcf7-validates-as-required form-control\" aria-required=\"true\" aria-invalid=\"false\" placeholder=\"Imi\u0119\" value=\"\" type=\"text\" name=\"text-348\" \/><\/span>\n\t<\/p>\n<\/div>\n<div>\n\t<p><span class=\"wpcf7-form-control-wrap\" data-name=\"email-652\"><input size=\"40\" maxlength=\"400\" class=\"wpcf7-form-control wpcf7-email wpcf7-validates-as-required wpcf7-text wpcf7-validates-as-email form-control\" aria-required=\"true\" aria-invalid=\"false\" placeholder=\"Email\" value=\"\" type=\"email\" name=\"email-652\" \/><\/span>\n\t<\/p>\n<\/div>\n<div class=\"radio-buttons\">\n\t<p><span class=\"wpcf7-form-control-wrap\" data-name=\"radio-179\"><span class=\"wpcf7-form-control wpcf7-radio form-control\"><span class=\"wpcf7-list-item first\"><label><span class=\"wpcf7-list-item-label\">Tak, bior\u0119 udzia\u0142<\/span><input type=\"radio\" name=\"radio-179\" value=\"Tak, bior\u0119 udzia\u0142\" checked=\"checked\" \/><\/label><\/span><span class=\"wpcf7-list-item last\"><label><span class=\"wpcf7-list-item-label\">Przepraszam, nie mog\u0119 przyj\u015b\u0107<\/span><input type=\"radio\" name=\"radio-179\" value=\"Przepraszam, nie mog\u0119 przyj\u015b\u0107\" \/><\/label><\/span><\/span><\/span>\n\t<\/p>\n<\/div>\n<div>\n\t<p><span class=\"wpcf7-form-control-wrap\" data-name=\"text-948\"><input size=\"40\" maxlength=\"400\" class=\"wpcf7-form-control wpcf7-text wpcf7-validates-as-required form-control\" aria-required=\"true\" aria-invalid=\"false\" placeholder=\"Na co b\u0119dziesz uwa\u017ca\u0142?\" value=\"\" type=\"text\" name=\"text-948\" \/><\/span>\n\t<\/p>\n<\/div>\n<div>\n\t<p><span class=\"wpcf7-form-control-wrap\" data-name=\"menu-953\"><select class=\"wpcf7-form-control wpcf7-select wpcf7-validates-as-required form-control\" aria-required=\"true\" aria-invalid=\"false\" name=\"menu-953\"><option value=\"Liczba go\u015bci\">Liczba go\u015bci<\/option><option value=\"01\">01<\/option><option value=\"02\">02<\/option><option value=\"03\">03<\/option><option value=\"04\">04<\/option><option value=\"05\">05<\/option><\/select><\/span>\n\t<\/p>\n<\/div>\n<div>\n\t<p><span class=\"wpcf7-form-control-wrap\" data-name=\"menu-684\"><select class=\"wpcf7-form-control wpcf7-select wpcf7-validates-as-required form-control\" aria-required=\"true\" aria-invalid=\"false\" name=\"menu-684\"><option value=\"Preferencje \u017cywieniowe\">Preferencje \u017cywieniowe<\/option><option value=\"Zupa z kurczaka\">Zupa z kurczaka<\/option><option value=\"Kabab z baraniny\">Kabab z baraniny<\/option><option value=\"Kurczak BBQ\">Kurczak BBQ<\/option><option value=\"Mix Sa\u0142at\">Mix Sa\u0142at<\/option><option value=\"\u017beberka wo\u0142owe\">\u017beberka wo\u0142owe<\/option><\/select><\/span>\n\t<\/p>\n<\/div>\n<div class=\"submit-area\">\n\t<p><input class=\"wpcf7-form-control wpcf7-submit has-spinner theme-btn-s3\" type=\"submit\" value=\"RSVP\" \/>\n\t<\/p>\n<\/div><div class=\"wpcf7-response-output\" aria-hidden=\"true\"><\/div>\n<\/form>\n<\/div>\n\t\t\t\t\t\t<\/div>\n\t\t\t\t\t\t<div class=\"border-style\"><\/div>\n\t\t\t\t\t<\/div>\n\t\t\t\t\t<div class=\"vector-1\">\n\t\t\t\t\t\t<img decoding=\"async\" src=\"https:\/\/azs.welweb.pl\/wp-content\/uploads\/2023\/03\/rsvp-left-shape.png\" alt=\"\">\t\t\t\t\t<\/div>\n\t\t\t\t\t<div class=\"vector-2\">\n\t\t\t\t\t\t<img decoding=\"async\" src=\"https:\/\/azs.welweb.pl\/wp-content\/uploads\/2023\/03\/right-shape.png\" alt=\"\">\t\t\t\t\t<\/div>\n\t\t\t\t<\/div>\n\t\t\t<\/div>\n\t\t<\/div>\n\t\t\t\t<\/div>\n\t\t\t\t<\/div>\n\t\t\t\t\t<\/div>\n\t\t<\/div>\n\t\t\t\t\t<\/div>\n\t\t<\/section>\n\t\t\t\t<\/div>\n\t\t","protected":false},"excerpt":{"rendered":"Are you attending? Yes, I will be thereSorry, I can\u2019t come Number Of Guests0102030405 Meal PreferencesChicken SoupMutton KababChicken BBQMix SaladBeef Ribs","protected":false},"author":1,"featured_media":0,"parent":0,"menu_order":0,"comment_status":"closed","ping_status":"closed","template":"elementor_header_footer","meta":{"inline_featured_image":false,"footnotes":""},"class_list":["post-1204","page","type-page","status-publish","hentry"],"_links":{"self":[{"href":"https:\/\/azs.welweb.pl\/index.php?rest_route=\/wp\/v2\/pages\/1204","targetHints":{"allow":["GET"]}}],"collection":[{"href":"https:\/\/azs.welweb.pl\/index.php?rest_route=\/wp\/v2\/pages"}],"about":[{"href":"https:\/\/azs.welweb.pl\/index.php?rest_route=\/wp\/v2\/types\/page"}],"author":[{"embeddable":true,"href":"https:\/\/azs.welweb.pl\/index.php?rest_route=\/wp\/v2\/users\/1"}],"replies":[{"embeddable":true,"href":"https:\/\/azs.welweb.pl\/index.php?rest_route=%2Fwp%2Fv2%2Fcomments&post=1204"}],"version-history":[{"count":1,"href":"https:\/\/azs.welweb.pl\/index.php?rest_route=\/wp\/v2\/pages\/1204\/revisions"}],"predecessor-version":[{"id":1332,"href":"https:\/\/azs.welweb.pl\/index.php?rest_route=\/wp\/v2\/pages\/1204\/revisions\/1332"}],"wp:attachment":[{"href":"https:\/\/azs.welweb.pl\/index.php?rest_route=%2Fwp%2Fv2%2Fmedia&parent=1204"}],"curies":[{"name":"wp","href":"https:\/\/api.w.org\/{rel}","templated":true}]}}